{"id":3914,"date":"2020-10-14T17:07:13","date_gmt":"2020-10-14T17:07:13","guid":{"rendered":"https:\/\/demo01.gethomey.io\/?page_id=3914"},"modified":"2025-03-13T17:44:28","modified_gmt":"2025-03-13T17:44:28","slug":"a-propos","status":"publish","type":"page","link":"https:\/\/samahouse.net\/en\/a-propos\/","title":{"rendered":"About us"},"content":{"rendered":"<div class=\"wpb-content-wrapper\">\t\t<div data-elementor-type=\"wp-page\" data-elementor-id=\"3914\" class=\"elementor elementor-3914\" data-elementor-post-type=\"page\">\n\t\t\t\t\t\t<section class=\"elementor-section elementor-top-section elementor-element elementor-element-430fcf4 elementor-section-height-min-height elementor-section-boxed elementor-section-height-default elementor-section-items-middle\" data-id=\"430fcf4\" data-element_type=\"section\" data-e-type=\"section\" data-settings=\"{&quot;background_background&quot;:&quot;classic&quot;}\">\n\t\t\t\t\t\t\t<div class=\"elementor-background-overlay\"><\/div>\n\t\t\t\t\t\t\t<div class=\"elementor-container elementor-column-gap-default\">\n\t\t\t\t\t<div class=\"elementor-column elementor-col-100 elementor-top-column elementor-element elementor-element-16ab9e6\" data-id=\"16ab9e6\" data-element_type=\"column\" data-e-type=\"column\">\n\t\t\t<div class=\"elementor-widget-wrap elementor-element-populated\">\n\t\t\t\t\t\t<div class=\"elementor-element elementor-element-9f88959 elementor-widget elementor-widget-homey_elementor_section_title\" data-id=\"9f88959\" data-element_type=\"widget\" data-e-type=\"widget\" data-widget_type=\"homey_elementor_section_title.default\">\n\t\t\t\t<div class=\"elementor-widget-container\">\n\t\t\t\t\t            <div class=\"homey_section_title_wrap_elementor homey-module module-title section-title-module\">\n                                    <h2 class=\"homey_section_title\">Sama House<\/h2>\n                \n                                    <p class=\"homey_section_subtitle sub-heading\">We offer unique places adapted to your comfort<\/p>\n                            <\/div>\n            \t\t\t\t<\/div>\n\t\t\t\t<\/div>\n\t\t\t\t\t<\/div>\n\t\t<\/div>\n\t\t\t\t\t<\/div>\n\t\t<\/section>\n\t\t\t\t<section class=\"elementor-section elementor-top-section elementor-element elementor-element-8001fbb elementor-section-boxed elementor-section-height-default elementor-section-height-default elementor-invisible\" data-id=\"8001fbb\" data-element_type=\"section\" data-e-type=\"section\" data-settings=\"{&quot;background_background&quot;:&quot;classic&quot;,&quot;animation&quot;:&quot;fadeIn&quot;}\">\n\t\t\t\t\t\t<div class=\"elementor-container elementor-column-gap-default\">\n\t\t\t\t\t<div class=\"elementor-column elementor-col-100 elementor-top-column elementor-element elementor-element-afe249d\" data-id=\"afe249d\" data-element_type=\"column\" data-e-type=\"column\">\n\t\t\t<div class=\"elementor-widget-wrap elementor-element-populated\">\n\t\t\t\t\t\t<div class=\"elementor-element elementor-element-fd08d1a elementor-widget elementor-widget-spacer\" data-id=\"fd08d1a\" data-element_type=\"widget\" data-e-type=\"widget\" data-widget_type=\"spacer.default\">\n\t\t\t\t<div class=\"elementor-widget-container\">\n\t\t\t\t\t\t\t<div class=\"elementor-spacer\">\n\t\t\t<div class=\"elementor-spacer-inner\"><\/div>\n\t\t<\/div>\n\t\t\t\t\t\t<\/div>\n\t\t\t\t<\/div>\n\t\t\t\t<section class=\"elementor-section elementor-inner-section elementor-element elementor-element-b775e1c elementor-section-boxed elementor-section-height-default elementor-section-height-default\" data-id=\"b775e1c\" data-element_type=\"section\" data-e-type=\"section\">\n\t\t\t\t\t\t<div class=\"elementor-container elementor-column-gap-default\">\n\t\t\t\t\t<div class=\"elementor-column elementor-col-100 elementor-inner-column elementor-element elementor-element-2fec52c\" data-id=\"2fec52c\" data-element_type=\"column\" data-e-type=\"column\">\n\t\t\t<div class=\"elementor-widget-wrap elementor-element-populated\">\n\t\t\t\t\t\t<div class=\"elementor-element elementor-element-5062339 elementor-widget elementor-widget-heading\" data-id=\"5062339\" data-element_type=\"widget\" data-e-type=\"widget\" data-widget_type=\"heading.default\">\n\t\t\t\t<div class=\"elementor-widget-container\">\n\t\t\t\t\t<h2 class=\"elementor-heading-title elementor-size-default\">WHO WE ARE ?<\/h2>\t\t\t\t<\/div>\n\t\t\t\t<\/div>\n\t\t\t\t<div class=\"elementor-element elementor-element-8e02b1e elementor-widget elementor-widget-text-editor\" data-id=\"8e02b1e\" data-element_type=\"widget\" data-e-type=\"widget\" data-widget_type=\"text-editor.default\">\n\t\t\t\t<div class=\"elementor-widget-container\">\n\t\t\t\t\t\t\t\t\t<div class=\"vc_row wpb_row vc_inner vc_row-fluid\"><div class=\"wpb_column vc_column_container vc_col-sm-6\"><div class=\"vc_column-inner\"><div class=\"wpb_wrapper\"><div class=\"wpb_text_column wpb_content_element\"><div class=\"wpb_wrapper\"><p>SAMA HOUSE: Real estate agency based in Senegal specializing in :<br \/>\u2013 management<br \/>\u2013 rental<br \/>\u2013 sale<br \/>\u2013 purchase<br \/>\u2013 management of condominiums<br \/>of apartments, rooms, houses, studios, offices, shops, lands, buildings and furnished apartments.<br \/>d&rsquo;immeubles et d&rsquo;appartements meubl\u00e9s.<\/p><\/div><\/div><\/div><\/div><\/div><\/div>\t\t\t\t\t\t\t\t<\/div>\n\t\t\t\t<\/div>\n\t\t\t\t\t<\/div>\n\t\t<\/div>\n\t\t\t\t\t<\/div>\n\t\t<\/section>\n\t\t\t\t<section class=\"elementor-section elementor-inner-section elementor-element elementor-element-8ddc00a elementor-section-boxed elementor-section-height-default elementor-section-height-default\" data-id=\"8ddc00a\" data-element_type=\"section\" data-e-type=\"section\">\n\t\t\t\t\t\t<div class=\"elementor-container elementor-column-gap-default\">\n\t\t\t\t\t<div class=\"elementor-column elementor-col-100 elementor-inner-column elementor-element elementor-element-122bd02\" data-id=\"122bd02\" data-element_type=\"column\" data-e-type=\"column\">\n\t\t\t<div class=\"elementor-widget-wrap elementor-element-populated\">\n\t\t\t\t\t\t<div class=\"elementor-element elementor-element-ec0a76e elementor-widget elementor-widget-heading\" data-id=\"ec0a76e\" data-element_type=\"widget\" data-e-type=\"widget\" data-widget_type=\"heading.default\">\n\t\t\t\t<div class=\"elementor-widget-container\">\n\t\t\t\t\t<h2 class=\"elementor-heading-title elementor-size-default\">OUR AMBITION<\/h2>\t\t\t\t<\/div>\n\t\t\t\t<\/div>\n\t\t\t\t<div class=\"elementor-element elementor-element-038ae5f elementor-widget elementor-widget-text-editor\" data-id=\"038ae5f\" data-element_type=\"widget\" data-e-type=\"widget\" data-widget_type=\"text-editor.default\">\n\t\t\t\t<div class=\"elementor-widget-container\">\n\t\t\t\t\t\t\t\t\t<div class=\"vc_row wpb_row vc_inner vc_row-fluid\"><div class=\"wpb_column vc_column_container vc_col-sm-6\"><div class=\"vc_column-inner\"><div class=\"wpb_wrapper\"><div class=\"wpb_text_column wpb_content_element\"><div class=\"wpb_wrapper\"><p>We are aware that the real estate sector has not yet finished its revolution and the integration of digital will allow us to reinvent many classic models.<br \/>As new generation real estate agency, SAMA HOUSE is shaking up the codes of historical players in the real estate sector by meeting the legitimate expectations of owners, tenants and buyers.<br \/>\u00ab Rethinking the traditional real estate agency in favor of digital to make your life easier \u00bb<br \/>Nous souhaitons proposer l\u2019alternative dont le march\u00e9 a actuellement grandement besoin : un service cl\u00e9 en main adapt\u00e9 aux vendeurs, aux acheteurs et aux locataires au juste prix.<\/p><p>Initially we started our activity in the Dakar region and we will expand to the rest of the country. We see our development on two fronts :<br \/>\u2022 Continue to expand our areas of activity to be able to offer our service to as many people as possible<br \/>\u2022 Continue to improve our service day after day by using all the capabilities offered by digital advances, to ultimately offer a quality of service never achieved before.<\/p><\/div><\/div><\/div><\/div><\/div><\/div>\t\t\t\t\t\t\t\t<\/div>\n\t\t\t\t<\/div>\n\t\t\t\t\t<\/div>\n\t\t<\/div>\n\t\t\t\t\t<\/div>\n\t\t<\/section>\n\t\t\t\t<div class=\"elementor-element elementor-element-9dc6dae elementor-widget elementor-widget-spacer\" data-id=\"9dc6dae\" data-element_type=\"widget\" data-e-type=\"widget\" data-widget_type=\"spacer.default\">\n\t\t\t\t<div class=\"elementor-widget-container\">\n\t\t\t\t\t\t\t<div class=\"elementor-spacer\">\n\t\t\t<div class=\"elementor-spacer-inner\"><\/div>\n\t\t<\/div>\n\t\t\t\t\t\t<\/div>\n\t\t\t\t<\/div>\n\t\t\t\t\t<\/div>\n\t\t<\/div>\n\t\t\t\t\t<\/div>\n\t\t<\/section>\n\t\t\t\t<section class=\"elementor-section elementor-top-section elementor-element elementor-element-5e86e07 elementor-section-boxed elementor-section-height-default elementor-section-height-default elementor-invisible\" data-id=\"5e86e07\" data-element_type=\"section\" data-e-type=\"section\" data-settings=\"{&quot;background_background&quot;:&quot;classic&quot;,&quot;animation&quot;:&quot;fadeIn&quot;}\">\n\t\t\t\t\t\t<div class=\"elementor-container elementor-column-gap-default\">\n\t\t\t\t\t<div class=\"elementor-column elementor-col-100 elementor-top-column elementor-element elementor-element-cc8524d\" data-id=\"cc8524d\" data-element_type=\"column\" data-e-type=\"column\">\n\t\t\t<div class=\"elementor-widget-wrap elementor-element-populated\">\n\t\t\t\t\t\t<section class=\"elementor-section elementor-inner-section elementor-element elementor-element-c4d112a elementor-section-boxed elementor-section-height-default elementor-section-height-default\" data-id=\"c4d112a\" data-element_type=\"section\" data-e-type=\"section\">\n\t\t\t\t\t\t<div class=\"elementor-container elementor-column-gap-default\">\n\t\t\t\t\t<div class=\"elementor-column elementor-col-100 elementor-inner-column elementor-element elementor-element-41b42e9\" data-id=\"41b42e9\" data-element_type=\"column\" data-e-type=\"column\">\n\t\t\t<div class=\"elementor-widget-wrap elementor-element-populated\">\n\t\t\t\t\t\t<div class=\"elementor-element elementor-element-51991fa elementor-widget elementor-widget-heading\" data-id=\"51991fa\" data-element_type=\"widget\" data-e-type=\"widget\" data-widget_type=\"heading.default\">\n\t\t\t\t<div class=\"elementor-widget-container\">\n\t\t\t\t\t<h2 class=\"elementor-heading-title elementor-size-default\">OUR VALUES<\/h2>\t\t\t\t<\/div>\n\t\t\t\t<\/div>\n\t\t\t\t\t<\/div>\n\t\t<\/div>\n\t\t\t\t\t<\/div>\n\t\t<\/section>\n\t\t\t\t<section class=\"elementor-section elementor-inner-section elementor-element elementor-element-8245c59 elementor-section-boxed elementor-section-height-default elementor-section-height-default\" data-id=\"8245c59\" data-element_type=\"section\" data-e-type=\"section\">\n\t\t\t\t\t\t<div class=\"elementor-container elementor-column-gap-default\">\n\t\t\t\t\t<div class=\"elementor-column elementor-col-33 elementor-inner-column elementor-element elementor-element-2c0f837\" data-id=\"2c0f837\" data-element_type=\"column\" data-e-type=\"column\">\n\t\t\t<div class=\"elementor-widget-wrap elementor-element-populated\">\n\t\t\t\t\t\t<div class=\"elementor-element elementor-element-0e99f94 elementor-widget elementor-widget-image\" data-id=\"0e99f94\" data-element_type=\"widget\" data-e-type=\"widget\" data-widget_type=\"image.default\">\n\t\t\t\t<div class=\"elementor-widget-container\">\n\t\t\t\t\t\t\t\t\t\t\t\t\t\t\t<img fetchpriority=\"high\" decoding=\"async\" width=\"284\" height=\"177\" src=\"https:\/\/samahouse.net\/wp-content\/uploads\/2025\/03\/Bur10.jpg\" class=\"attachment-large size-large wp-image-4669\" alt=\"\" \/>\t\t\t\t\t\t\t\t\t\t\t\t\t\t\t<\/div>\n\t\t\t\t<\/div>\n\t\t\t\t<div class=\"elementor-element elementor-element-9019576 elementor-widget elementor-widget-heading\" data-id=\"9019576\" data-element_type=\"widget\" data-e-type=\"widget\" data-widget_type=\"heading.default\">\n\t\t\t\t<div class=\"elementor-widget-container\">\n\t\t\t\t\t<h3 class=\"elementor-heading-title elementor-size-default\">Work<\/h3>\t\t\t\t<\/div>\n\t\t\t\t<\/div>\n\t\t\t\t<div class=\"elementor-element elementor-element-1ed98f0 elementor-widget elementor-widget-text-editor\" data-id=\"1ed98f0\" data-element_type=\"widget\" data-e-type=\"widget\" data-widget_type=\"text-editor.default\">\n\t\t\t\t<div class=\"elementor-widget-container\">\n\t\t\t\t\t\t\t\t\t<p>Sama House conveys a strong culture within its services and its employees<br \/>of work. We believe in Smart work combining efficiency and performance to achieve<br \/>satisfactory results. If your desire to succeed takes over everything with a<br \/>real investment and you work efficiently, there will be no doubt that<br \/>you will succeed in obtaining excellent results<\/p>\t\t\t\t\t\t\t\t<\/div>\n\t\t\t\t<\/div>\n\t\t\t\t\t<\/div>\n\t\t<\/div>\n\t\t\t\t<div class=\"elementor-column elementor-col-33 elementor-inner-column elementor-element elementor-element-980dbc2\" data-id=\"980dbc2\" data-element_type=\"column\" data-e-type=\"column\">\n\t\t\t<div class=\"elementor-widget-wrap elementor-element-populated\">\n\t\t\t\t\t\t<div class=\"elementor-element elementor-element-e125d2c elementor-widget elementor-widget-image\" data-id=\"e125d2c\" data-element_type=\"widget\" data-e-type=\"widget\" data-widget_type=\"image.default\">\n\t\t\t\t<div class=\"elementor-widget-container\">\n\t\t\t\t\t\t\t\t\t\t\t\t\t\t\t<img decoding=\"async\" width=\"275\" height=\"183\" src=\"https:\/\/samahouse.net\/wp-content\/uploads\/2025\/03\/Bur7.jpg\" class=\"attachment-large size-large wp-image-4670\" alt=\"\" srcset=\"https:\/\/samahouse.net\/wp-content\/uploads\/2025\/03\/Bur7.jpg 275w, https:\/\/samahouse.net\/wp-content\/uploads\/2025\/03\/Bur7-120x80.jpg 120w\" sizes=\"(max-width: 275px) 100vw, 275px\" \/>\t\t\t\t\t\t\t\t\t\t\t\t\t\t\t<\/div>\n\t\t\t\t<\/div>\n\t\t\t\t<div class=\"elementor-element elementor-element-716f3a1 elementor-widget elementor-widget-heading\" data-id=\"716f3a1\" data-element_type=\"widget\" data-e-type=\"widget\" data-widget_type=\"heading.default\">\n\t\t\t\t<div class=\"elementor-widget-container\">\n\t\t\t\t\t<h3 class=\"elementor-heading-title elementor-size-default\">Respect<\/h3>\t\t\t\t<\/div>\n\t\t\t\t<\/div>\n\t\t\t\t<div class=\"elementor-element elementor-element-f687f4c elementor-widget elementor-widget-text-editor\" data-id=\"f687f4c\" data-element_type=\"widget\" data-e-type=\"widget\" data-widget_type=\"text-editor.default\">\n\t\t\t\t<div class=\"elementor-widget-container\">\n\t\t\t\t\t\t\t\t\t<p>At Sama House we advocate integrity and respect for those we deal with (owners,<br \/>customers, employees, etc.), these values \u200b\u200bguarantee the trust of partners and<br \/>promoting good working relationships. We therefore make every effort to<br \/>partner satisfaction and provide them with the best customer experience<\/p>\t\t\t\t\t\t\t\t<\/div>\n\t\t\t\t<\/div>\n\t\t\t\t\t<\/div>\n\t\t<\/div>\n\t\t\t\t<div class=\"elementor-column elementor-col-33 elementor-inner-column elementor-element elementor-element-e59ccac\" data-id=\"e59ccac\" data-element_type=\"column\" data-e-type=\"column\">\n\t\t\t<div class=\"elementor-widget-wrap elementor-element-populated\">\n\t\t\t\t\t\t<div class=\"elementor-element elementor-element-2db8127 elementor-widget elementor-widget-image\" data-id=\"2db8127\" data-element_type=\"widget\" data-e-type=\"widget\" data-widget_type=\"image.default\">\n\t\t\t\t<div class=\"elementor-widget-container\">\n\t\t\t\t\t\t\t\t\t\t\t\t\t\t\t<img decoding=\"async\" width=\"279\" height=\"181\" src=\"https:\/\/samahouse.net\/wp-content\/uploads\/2025\/03\/Bur4.jpg\" class=\"attachment-large size-large wp-image-4671\" alt=\"\" \/>\t\t\t\t\t\t\t\t\t\t\t\t\t\t\t<\/div>\n\t\t\t\t<\/div>\n\t\t\t\t<div class=\"elementor-element elementor-element-a40434d elementor-widget elementor-widget-heading\" data-id=\"a40434d\" data-element_type=\"widget\" data-e-type=\"widget\" data-widget_type=\"heading.default\">\n\t\t\t\t<div class=\"elementor-widget-container\">\n\t\t\t\t\t<h3 class=\"elementor-heading-title elementor-size-default\">Success<\/h3>\t\t\t\t<\/div>\n\t\t\t\t<\/div>\n\t\t\t\t<div class=\"elementor-element elementor-element-77c79df elementor-widget elementor-widget-text-editor\" data-id=\"77c79df\" data-element_type=\"widget\" data-e-type=\"widget\" data-widget_type=\"text-editor.default\">\n\t\t\t\t<div class=\"elementor-widget-container\">\n\t\t\t\t\t\t\t\t\t<p>At Sama House, the success of our clients real estate project as well as the success of<br \/>our employees are at the center of our daily lives! We stimulate it in you<br \/>offering tailor-made support. Indeed, the management of Sama House offers you<br \/>will follow very closely as soon as you join the team and will make available to you<br \/>all the means that will allow you to succeed.<\/p>\t\t\t\t\t\t\t\t<\/div>\n\t\t\t\t<\/div>\n\t\t\t\t\t<\/div>\n\t\t<\/div>\n\t\t\t\t\t<\/div>\n\t\t<\/section>\n\t\t\t\t<div class=\"elementor-element elementor-element-9fbc329 elementor-widget elementor-widget-spacer\" data-id=\"9fbc329\" data-element_type=\"widget\" data-e-type=\"widget\" data-widget_type=\"spacer.default\">\n\t\t\t\t<div class=\"elementor-widget-container\">\n\t\t\t\t\t\t\t<div class=\"elementor-spacer\">\n\t\t\t<div class=\"elementor-spacer-inner\"><\/div>\n\t\t<\/div>\n\t\t\t\t\t\t<\/div>\n\t\t\t\t<\/div>\n\t\t\t\t\t<\/div>\n\t\t<\/div>\n\t\t\t\t\t<\/div>\n\t\t<\/section>\n\t\t\t\t<section class=\"elementor-section elementor-top-section elementor-element elementor-element-1135e18 elementor-section-boxed elementor-section-height-default elementor-section-height-default elementor-invisible\" data-id=\"1135e18\" data-element_type=\"section\" data-e-type=\"section\" data-settings=\"{&quot;background_background&quot;:&quot;classic&quot;,&quot;animation&quot;:&quot;fadeIn&quot;}\">\n\t\t\t\t\t\t<div class=\"elementor-container elementor-column-gap-default\">\n\t\t\t\t\t<div class=\"elementor-column elementor-col-100 elementor-top-column elementor-element elementor-element-56b3941\" data-id=\"56b3941\" data-element_type=\"column\" data-e-type=\"column\">\n\t\t\t<div class=\"elementor-widget-wrap elementor-element-populated\">\n\t\t\t\t\t\t<div class=\"elementor-element elementor-element-5d68543 elementor-widget elementor-widget-spacer\" data-id=\"5d68543\" data-element_type=\"widget\" data-e-type=\"widget\" data-widget_type=\"spacer.default\">\n\t\t\t\t<div class=\"elementor-widget-container\">\n\t\t\t\t\t\t\t<div class=\"elementor-spacer\">\n\t\t\t<div class=\"elementor-spacer-inner\"><\/div>\n\t\t<\/div>\n\t\t\t\t\t\t<\/div>\n\t\t\t\t<\/div>\n\t\t\t\t<section class=\"elementor-section elementor-inner-section elementor-element elementor-element-b338af7 elementor-section-boxed elementor-section-height-default elementor-section-height-default\" data-id=\"b338af7\" data-element_type=\"section\" data-e-type=\"section\">\n\t\t\t\t\t\t<div class=\"elementor-container elementor-column-gap-default\">\n\t\t\t\t\t<div class=\"elementor-column elementor-col-100 elementor-inner-column elementor-element elementor-element-43c3e15\" data-id=\"43c3e15\" data-element_type=\"column\" data-e-type=\"column\">\n\t\t\t<div class=\"elementor-widget-wrap elementor-element-populated\">\n\t\t\t\t\t\t<div class=\"elementor-element elementor-element-ea131c3 elementor-widget elementor-widget-homey_elementor_blog_posts\" data-id=\"ea131c3\" data-element_type=\"widget\" data-e-type=\"widget\" data-widget_type=\"homey_elementor_blog_posts.default\">\n\t\t\t\t<div class=\"elementor-widget-container\">\n\t\t\t\t\t\n        <div class=\"module-wrap blog-module\">\n            <div class=\"row\">\n                                    <div class=\"col-xs-12 col-sm-4 col-md-4 col-lg-4\">\n                        <div class=\"item-blog post-4926 post type-post status-publish format-standard has-post-thumbnail hentry category-loyer\">\n\t<div class=\"media\">\n\t\t<div class=\"item-blog-image\">\n\t\t\t<div class=\"item-media item-media-thumb\">\n\t\t\t\t<a href=\"https:\/\/samahouse.net\/en\/louer-un-appartement-a-dakar-les-meilleures-quartiers-pour-vivre-en-2025\/\" class=\"hover-effect\">\n                <img loading=\"lazy\" decoding=\"async\" width=\"450\" height=\"300\" src=\"https:\/\/samahouse.net\/wp-content\/uploads\/2025\/03\/bgblog01-450x300.webp\" class=\"img-responsive wp-post-image\" alt=\"\" srcset=\"https:\/\/samahouse.net\/wp-content\/uploads\/2025\/03\/bgblog01-450x300.webp 450w, https:\/\/samahouse.net\/wp-content\/uploads\/2025\/03\/bgblog01-120x80.webp 120w\" sizes=\"(max-width: 450px) 100vw, 450px\" \/>            \t<\/a>\n\t\t\t<\/div>\n\t\t<\/div>\n\t\t<div class=\"media-body item-body\">\n\t\t\t<div class=\"item-title-head\">\n\t\t\t\t<h3 class=\"title\">\n\t\t\t\t\t<a href=\"https:\/\/samahouse.net\/en\/louer-un-appartement-a-dakar-les-meilleures-quartiers-pour-vivre-en-2025\/\">Rent an Apartment in Dakar: The Best Neighborhoods to Live in 2025<\/a>\n\t\t\t\t<\/h3>\n\t\t\t\t<div class=\"item-blog-meta item-blog-category\">\n\t\t\t\t\t<i class=\"homey-icon homey-icon-award-badge-1\"><\/i> <a href=\"https:\/\/samahouse.net\/en\/category\/loyer\/\" rel=\"category tag\">Loyer<\/a>\t\t\t\t<\/div>\n\t\t\t\t<p><p>Renting an apartment in Dakar can be an enriching experience, but choosing the right neighborhood is crucial for\u2026<\/p>\n<\/p>\n\t\t\t<\/div>\n\t\t\t<div class=\"item-blog-footer\">\n\t\t\t\t<ul class=\"list-inline\">\n\t\t\t\t\t<li class=\"item-blog-meta\">\n\t\t\t\t\t\t<i class=\"homey-icon homey-icon-calendar-3\"><\/i> 1 year ago\t\t\t\t\t<\/li>\n\t\t\t\t\t<li class=\"item-blog-meta\">\n\t\t\t\t\t\t<i class=\"homey-icon homey-icon-multiple-man-woman-2-o\" aria-hidden=\"true\"><\/i> By <a href=\"https:\/\/samahouse.net\/en\/author\/samahouse2k25gmail-com\/\">Sama House<\/a>\n\t\t\t\t\t<\/li>\n\t\t\t\t<\/ul>\n\t\t\t<\/div>\n\t\t<\/div>\n\t<\/div>\n<\/div>                    <\/div>\n                                    <div class=\"col-xs-12 col-sm-4 col-md-4 col-lg-4\">\n                        <div class=\"item-blog post-4923 post type-post status-publish format-standard has-post-thumbnail hentry category-loyer\">\n\t<div class=\"media\">\n\t\t<div class=\"item-blog-image\">\n\t\t\t<div class=\"item-media item-media-thumb\">\n\t\t\t\t<a href=\"https:\/\/samahouse.net\/en\/les-nouvelles-reglementations-de-la-location-immobiliere-au-senegal-ce-que-les-locataires-et-proprietaires-doivent-savoir\/\" class=\"hover-effect\">\n                <img loading=\"lazy\" decoding=\"async\" width=\"301\" height=\"167\" src=\"https:\/\/samahouse.net\/wp-content\/uploads\/2025\/03\/bgblog02.jpg\" class=\"img-responsive wp-post-image\" alt=\"\" \/>            \t<\/a>\n\t\t\t<\/div>\n\t\t<\/div>\n\t\t<div class=\"media-body item-body\">\n\t\t\t<div class=\"item-title-head\">\n\t\t\t\t<h3 class=\"title\">\n\t\t\t\t\t<a href=\"https:\/\/samahouse.net\/en\/les-nouvelles-reglementations-de-la-location-immobiliere-au-senegal-ce-que-les-locataires-et-proprietaires-doivent-savoir\/\">New Real Estate Rental Regulations in Senegal: What Tenants and Owners Need to Know<\/a>\n\t\t\t\t<\/h3>\n\t\t\t\t<div class=\"item-blog-meta item-blog-category\">\n\t\t\t\t\t<i class=\"homey-icon homey-icon-award-badge-1\"><\/i> <a href=\"https:\/\/samahouse.net\/en\/category\/loyer\/\" rel=\"category tag\">Loyer<\/a>\t\t\t\t<\/div>\n\t\t\t\t<p><p>Regulations relating to property rental in Senegal have evolved over the years, in order to better\u2026<\/p>\n<\/p>\n\t\t\t<\/div>\n\t\t\t<div class=\"item-blog-footer\">\n\t\t\t\t<ul class=\"list-inline\">\n\t\t\t\t\t<li class=\"item-blog-meta\">\n\t\t\t\t\t\t<i class=\"homey-icon homey-icon-calendar-3\"><\/i> 1 year ago\t\t\t\t\t<\/li>\n\t\t\t\t\t<li class=\"item-blog-meta\">\n\t\t\t\t\t\t<i class=\"homey-icon homey-icon-multiple-man-woman-2-o\" aria-hidden=\"true\"><\/i> By <a href=\"https:\/\/samahouse.net\/en\/author\/samahouse2k25gmail-com\/\">Sama House<\/a>\n\t\t\t\t\t<\/li>\n\t\t\t\t<\/ul>\n\t\t\t<\/div>\n\t\t<\/div>\n\t<\/div>\n<\/div>                    <\/div>\n                                            <\/div>\n        <\/div>\n\n        \t\t\t\t<\/div>\n\t\t\t\t<\/div>\n\t\t\t\t\t<\/div>\n\t\t<\/div>\n\t\t\t\t\t<\/div>\n\t\t<\/section>\n\t\t\t\t<div class=\"elementor-element elementor-element-84bbe25 elementor-widget elementor-widget-spacer\" data-id=\"84bbe25\" data-element_type=\"widget\" data-e-type=\"widget\" data-widget_type=\"spacer.default\">\n\t\t\t\t<div class=\"elementor-widget-container\">\n\t\t\t\t\t\t\t<div class=\"elementor-spacer\">\n\t\t\t<div class=\"elementor-spacer-inner\"><\/div>\n\t\t<\/div>\n\t\t\t\t\t\t<\/div>\n\t\t\t\t<\/div>\n\t\t\t\t\t<\/div>\n\t\t<\/div>\n\t\t\t\t\t<\/div>\n\t\t<\/section>\n\t\t\t\t<\/div>\n\t\t<\/div>","protected":false},"excerpt":{"rendered":"<p>Sama House Nous vous proposons des lieux uniques adapt\u00e9s \u00e0 votre confort QUI SOMMES NOUS ? SAMA HOUSE : Agence immobili\u00e8re bas\u00e9e au S\u00e9n\u00e9gal sp\u00e9cialis\u00e9e dans :&#8211; la g\u00e9rance&#8211; la location&#8211; la vente&#8211; l\u2019achat&#8211; la gestion syndicd&rsquo;appartements, de chambres, de villas, de studios, de bureaux, de magasins, de terrains,d&rsquo;immeubles et d&rsquo;appartements meubl\u00e9s. NOTRE AMBITION Nous [&hellip;]<\/p>","protected":false},"author":1,"featured_media":0,"parent":0,"menu_order":0,"comment_status":"closed","ping_status":"closed","template":"elementor_header_footer","meta":{"content-type":"","om_disable_all_campaigns":false,"_monsterinsights_skip_tracking":false,"_monsterinsights_sitenote_active":false,"_monsterinsights_sitenote_note":"","_monsterinsights_sitenote_category":0,"footnotes":""},"class_list":["post-3914","page","type-page","status-publish","hentry"],"aioseo_notices":[],"_links":{"self":[{"href":"https:\/\/samahouse.net\/en\/wp-json\/wp\/v2\/pages\/3914","targetHints":{"allow":["GET"]}}],"collection":[{"href":"https:\/\/samahouse.net\/en\/wp-json\/wp\/v2\/pages"}],"about":[{"href":"https:\/\/samahouse.net\/en\/wp-json\/wp\/v2\/types\/page"}],"author":[{"embeddable":true,"href":"https:\/\/samahouse.net\/en\/wp-json\/wp\/v2\/users\/1"}],"replies":[{"embeddable":true,"href":"https:\/\/samahouse.net\/en\/wp-json\/wp\/v2\/comments?post=3914"}],"version-history":[{"count":15,"href":"https:\/\/samahouse.net\/en\/wp-json\/wp\/v2\/pages\/3914\/revisions"}],"predecessor-version":[{"id":5088,"href":"https:\/\/samahouse.net\/en\/wp-json\/wp\/v2\/pages\/3914\/revisions\/5088"}],"wp:attachment":[{"href":"https:\/\/samahouse.net\/en\/wp-json\/wp\/v2\/media?parent=3914"}],"curies":[{"name":"wp","href":"https:\/\/api.w.org\/{rel}","templated":true}]}}