{"id":1530,"date":"2018-11-01T17:33:16","date_gmt":"2018-11-01T17:33:16","guid":{"rendered":"https:\/\/demo01.gethomey.io\/?page_id=1530"},"modified":"2025-03-13T21:22:11","modified_gmt":"2025-03-13T21:22:11","slug":"devenir-un-bailleur","status":"publish","type":"page","link":"https:\/\/samahouse.net\/en\/devenir-un-bailleur\/","title":{"rendered":"Become a lessor"},"content":{"rendered":"<div data-elementor-type=\"wp-page\" data-elementor-id=\"1530\" class=\"elementor elementor-1530\" data-elementor-post-type=\"page\">\n\t\t\t\t\t\t<section class=\"elementor-section elementor-top-section elementor-element elementor-element-b83c088 elementor-section-height-min-height elementor-section-content-middle elementor-section-boxed elementor-section-height-default elementor-section-items-middle\" data-id=\"b83c088\" data-element_type=\"section\" data-e-type=\"section\" data-settings=\"{&quot;background_background&quot;:&quot;classic&quot;}\">\n\t\t\t\t\t\t\t<div class=\"elementor-background-overlay\"><\/div>\n\t\t\t\t\t\t\t<div class=\"elementor-container elementor-column-gap-default\">\n\t\t\t\t\t<div class=\"elementor-column elementor-col-100 elementor-top-column elementor-element elementor-element-e05a5e5\" data-id=\"e05a5e5\" data-element_type=\"column\" data-e-type=\"column\">\n\t\t\t<div class=\"elementor-widget-wrap elementor-element-populated\">\n\t\t\t\t\t\t<div class=\"elementor-element elementor-element-4109fc3 elementor-widget elementor-widget-homey_elementor_section_title\" data-id=\"4109fc3\" data-element_type=\"widget\" data-e-type=\"widget\" data-widget_type=\"homey_elementor_section_title.default\">\n\t\t\t\t<div class=\"elementor-widget-container\">\n\t\t\t\t\t            <div class=\"homey_section_title_wrap_elementor homey-module module-title section-title-module\">\n                                    <h2 class=\"homey_section_title\">Become a lessor<\/h2>\n                \n                                    <p class=\"homey_section_subtitle sub-heading\">Join us and turn your assets into reliable sources of income.<\/p>\n                            <\/div>\n            \t\t\t\t<\/div>\n\t\t\t\t<\/div>\n\t\t\t\t\t<\/div>\n\t\t<\/div>\n\t\t\t\t\t<\/div>\n\t\t<\/section>\n\t\t\t\t<section class=\"elementor-section elementor-top-section elementor-element elementor-element-2623d08 elementor-section-boxed elementor-section-height-default elementor-section-height-default\" data-id=\"2623d08\" data-element_type=\"section\" data-e-type=\"section\">\n\t\t\t\t\t\t<div class=\"elementor-container elementor-column-gap-default\">\n\t\t\t\t\t<div class=\"elementor-column elementor-col-100 elementor-top-column elementor-element elementor-element-81a04b0\" data-id=\"81a04b0\" data-element_type=\"column\" data-e-type=\"column\">\n\t\t\t<div class=\"elementor-widget-wrap elementor-element-populated\">\n\t\t\t\t\t\t<div class=\"elementor-element elementor-element-6844dd9 elementor-widget elementor-widget-homey_elementor_icon_box\" data-id=\"6844dd9\" data-element_type=\"widget\" data-e-type=\"widget\" data-widget_type=\"homey_elementor_icon_box.default\">\n\t\t\t\t<div class=\"elementor-widget-container\">\n\t\t\t\t\t        <div class=\"homey-module service-blocks-main services-module three_columns style3\">\n            <div class=\"row\">\n            \n                <div class=\"module-item\">\n                    <div class=\"service-block\">\n                        <div class=\"block-icon\">\n                            \n\n                                                    <\/div>\n                        <div class=\"block-content\">\n                        <h3> Why choose Sama House<\/h3>\n                            <p>Choosing Sama House means opting for reliable real estate expertise, personalized support, and tailored solutions to help you sell, rent, or manage your property with complete peace of mind. Your satisfaction is our priority.<\/p>\n                                                \n                        <\/div>\n                    <\/div>\n                <\/div>\n\n            \n                <div class=\"module-item\">\n                    <div class=\"service-block\">\n                        <div class=\"block-icon\">\n                            \n\n                                                    <\/div>\n                        <div class=\"block-content\">\n                        <h3> Booking made easy<\/h3>\n                            <p>Booking becomes easy with Sama House: find your ideal space, book in just a few clicks and enjoy a simple and fast service for your stays or rentals\n<\/p>\n                                                \n                        <\/div>\n                    <\/div>\n                <\/div>\n\n            \n                <div class=\"module-item\">\n                    <div class=\"service-block\">\n                        <div class=\"block-icon\">\n                            \n\n                                                    <\/div>\n                        <div class=\"block-content\">\n                        <h3> Highly customizable<\/h3>\n                            <p>At Sama House, every service is designed to meet your specific needs. Whether it's property management or rental searches, we offer flexible and tailored solutions for an experience that perfectly matches your needs.<\/p>\n                                                \n                        <\/div>\n                    <\/div>\n                <\/div>\n\n                        <\/div>\n        <\/div>\n    \t\t\t\t<\/div>\n\t\t\t\t<\/div>\n\t\t\t\t\t<\/div>\n\t\t<\/div>\n\t\t\t\t\t<\/div>\n\t\t<\/section>\n\t\t\t\t<section class=\"elementor-section elementor-top-section elementor-element elementor-element-19473aa elementor-section-boxed elementor-section-height-default elementor-section-height-default\" data-id=\"19473aa\" data-element_type=\"section\" data-e-type=\"section\" data-settings=\"{&quot;background_background&quot;:&quot;classic&quot;}\">\n\t\t\t\t\t\t<div class=\"elementor-container elementor-column-gap-default\">\n\t\t\t\t\t<div class=\"elementor-column elementor-col-100 elementor-top-column elementor-element elementor-element-e36ce1b\" data-id=\"e36ce1b\" data-element_type=\"column\" data-e-type=\"column\">\n\t\t\t<div class=\"elementor-widget-wrap elementor-element-populated\">\n\t\t\t\t\t\t<div class=\"elementor-element elementor-element-c6dc707 elementor-widget elementor-widget-homey_elementor_space\" data-id=\"c6dc707\" data-element_type=\"widget\" data-e-type=\"widget\" data-widget_type=\"homey_elementor_space.default\">\n\t\t\t\t<div class=\"elementor-widget-container\">\n\t\t\t\t\t<div style=\"clear:both; width:100%; height:50px\"><\/div>\t\t\t\t<\/div>\n\t\t\t\t<\/div>\n\t\t\t\t<div class=\"elementor-element elementor-element-08aa945 elementor-widget elementor-widget-homey_elementor_section_title\" data-id=\"08aa945\" data-element_type=\"widget\" data-e-type=\"widget\" data-widget_type=\"homey_elementor_section_title.default\">\n\t\t\t\t<div class=\"elementor-widget-container\">\n\t\t\t\t\t            <div class=\"homey_section_title_wrap_elementor homey-module module-title section-title-module\">\n                                    <h2 class=\"homey_section_title\">Become a lessor with Sama House and Gain Peace of Mind !<\/h2>\n                \n                                    <p class=\"homey_section_subtitle sub-heading\">Do you have a property to rent and want to manage it with ease and efficiency? Sama House can help you maximize your property's visibility and optimize its management.<\/p>\n                            <\/div>\n            \t\t\t\t<\/div>\n\t\t\t\t<\/div>\n\t\t\t\t<div class=\"elementor-element elementor-element-cdd6960 elementor-widget elementor-widget-heading\" data-id=\"cdd6960\" data-element_type=\"widget\" data-e-type=\"widget\" data-widget_type=\"heading.default\">\n\t\t\t\t<div class=\"elementor-widget-container\">\n\t\t\t\t\t<h2 class=\"elementor-heading-title elementor-size-default\">\ud83d\udccc How does it work?<\/h2>\t\t\t\t<\/div>\n\t\t\t\t<\/div>\n\t\t\t\t<div class=\"elementor-element elementor-element-f9c4447 elementor-widget elementor-widget-homey_elementor_space\" data-id=\"f9c4447\" data-element_type=\"widget\" data-e-type=\"widget\" data-widget_type=\"homey_elementor_space.default\">\n\t\t\t\t<div class=\"elementor-widget-container\">\n\t\t\t\t\t<div style=\"clear:both; width:100%; height:50px\"><\/div>\t\t\t\t<\/div>\n\t\t\t\t<\/div>\n\t\t\t\t<section class=\"elementor-section elementor-inner-section elementor-element elementor-element-a9e5233 elementor-section-content-middle elementor-section-boxed elementor-section-height-default elementor-section-height-default\" data-id=\"a9e5233\" data-element_type=\"section\" data-e-type=\"section\">\n\t\t\t\t\t\t<div class=\"elementor-container elementor-column-gap-default\">\n\t\t\t\t\t<div class=\"elementor-column elementor-col-50 elementor-inner-column elementor-element elementor-element-3a57fad\" data-id=\"3a57fad\" data-element_type=\"column\" data-e-type=\"column\">\n\t\t\t<div class=\"elementor-widget-wrap elementor-element-populated\">\n\t\t\t\t\t\t<div class=\"elementor-element elementor-element-564b7f8 elementor-widget__width-initial elementor-widget elementor-widget-heading\" data-id=\"564b7f8\" data-element_type=\"widget\" data-e-type=\"widget\" data-widget_type=\"heading.default\">\n\t\t\t\t<div class=\"elementor-widget-container\">\n\t\t\t\t\t<h2 class=\"elementor-heading-title elementor-size-default\">1\ufe0f\u20e3 Send us the details of your property \ud83d\udce9\n<\/h2>\t\t\t\t<\/div>\n\t\t\t\t<\/div>\n\t\t\t\t<div class=\"elementor-element elementor-element-a3b0179 elementor-widget elementor-widget-spacer\" data-id=\"a3b0179\" data-element_type=\"widget\" data-e-type=\"widget\" data-widget_type=\"spacer.default\">\n\t\t\t\t<div class=\"elementor-widget-container\">\n\t\t\t\t\t\t\t<div class=\"elementor-spacer\">\n\t\t\t<div class=\"elementor-spacer-inner\"><\/div>\n\t\t<\/div>\n\t\t\t\t\t\t<\/div>\n\t\t\t\t<\/div>\n\t\t\t\t<div class=\"elementor-element elementor-element-61472b2 elementor-widget__width-initial elementor-widget elementor-widget-text-editor\" data-id=\"61472b2\" data-element_type=\"widget\" data-e-type=\"widget\" data-widget_type=\"text-editor.default\">\n\t\t\t\t<div class=\"elementor-widget-container\">\n\t\t\t\t\t\t\t\t\t<ul><li data-start=\"345\" data-end=\"406\">Contact us by <strong data-start=\"366\" data-end=\"376\">e-mail<\/strong> \u00e0 <strong data-start=\"379\" data-end=\"404\"><a href=\"mailto:contact@samahouse.net\" rel=\"noopener\" data-start=\"381\" data-end=\"402\">contact@samahouse.net<\/a><\/strong><\/li><li data-start=\"410\" data-end=\"473\">Call \/ Send message <strong data-start=\"434\" data-end=\"446\">WhatsApp<\/strong> at <a href=\"tel:+221763630344\"><strong data-start=\"450\" data-end=\"471\">+221 76 363 03 44<\/strong><\/a><\/li><\/ul>\t\t\t\t\t\t\t\t<\/div>\n\t\t\t\t<\/div>\n\t\t\t\t\t<\/div>\n\t\t<\/div>\n\t\t\t\t<div class=\"elementor-column elementor-col-50 elementor-inner-column elementor-element elementor-element-b8d110f\" data-id=\"b8d110f\" data-element_type=\"column\" data-e-type=\"column\">\n\t\t\t<div class=\"elementor-widget-wrap elementor-element-populated\">\n\t\t\t\t\t\t\t<\/div>\n\t\t<\/div>\n\t\t\t\t\t<\/div>\n\t\t<\/section>\n\t\t<div class=\"elementor-element elementor-element-93756c5 e-flex e-con-boxed e-con e-parent\" data-id=\"93756c5\" data-element_type=\"container\" data-e-type=\"container\">\n\t\t\t\t\t<div class=\"e-con-inner\">\n\t\t\t\t<div class=\"elementor-element elementor-element-ee5a92b elementor-widget elementor-widget-spacer\" data-id=\"ee5a92b\" data-element_type=\"widget\" data-e-type=\"widget\" data-widget_type=\"spacer.default\">\n\t\t\t\t<div class=\"elementor-widget-container\">\n\t\t\t\t\t\t\t<div class=\"elementor-spacer\">\n\t\t\t<div class=\"elementor-spacer-inner\"><\/div>\n\t\t<\/div>\n\t\t\t\t\t\t<\/div>\n\t\t\t\t<\/div>\n\t\t\t\t\t<\/div>\n\t\t\t\t<\/div>\n\t\t\t\t<section class=\"elementor-section elementor-inner-section elementor-element elementor-element-f92c950 elementor-section-content-middle elementor-section-boxed elementor-section-height-default elementor-section-height-default\" data-id=\"f92c950\" data-element_type=\"section\" data-e-type=\"section\">\n\t\t\t\t\t\t<div class=\"elementor-container elementor-column-gap-default\">\n\t\t\t\t\t<div class=\"elementor-column elementor-col-50 elementor-inner-column elementor-element elementor-element-c48c8da\" data-id=\"c48c8da\" data-element_type=\"column\" data-e-type=\"column\">\n\t\t\t<div class=\"elementor-widget-wrap\">\n\t\t\t\t\t\t\t<\/div>\n\t\t<\/div>\n\t\t\t\t<div class=\"elementor-column elementor-col-50 elementor-inner-column elementor-element elementor-element-7416109\" data-id=\"7416109\" data-element_type=\"column\" data-e-type=\"column\">\n\t\t\t<div class=\"elementor-widget-wrap elementor-element-populated\">\n\t\t\t\t\t\t<div class=\"elementor-element elementor-element-37e7490 elementor-widget__width-initial elementor-widget elementor-widget-heading\" data-id=\"37e7490\" data-element_type=\"widget\" data-e-type=\"widget\" data-widget_type=\"heading.default\">\n\t\t\t\t<div class=\"elementor-widget-container\">\n\t\t\t\t\t<h2 class=\"elementor-heading-title elementor-size-default\">2\ufe0f\u20e3 We put your property online \ud83c\udfe1\n\n\n<\/h2>\t\t\t\t<\/div>\n\t\t\t\t<\/div>\n\t\t\t\t<div class=\"elementor-element elementor-element-a6f091c elementor-widget elementor-widget-spacer\" data-id=\"a6f091c\" data-element_type=\"widget\" data-e-type=\"widget\" data-widget_type=\"spacer.default\">\n\t\t\t\t<div class=\"elementor-widget-container\">\n\t\t\t\t\t\t\t<div class=\"elementor-spacer\">\n\t\t\t<div class=\"elementor-spacer-inner\"><\/div>\n\t\t<\/div>\n\t\t\t\t\t\t<\/div>\n\t\t\t\t<\/div>\n\t\t\t\t<div class=\"elementor-element elementor-element-8b007e3 elementor-widget__width-initial elementor-widget elementor-widget-text-editor\" data-id=\"8b007e3\" data-element_type=\"widget\" data-e-type=\"widget\" data-widget_type=\"text-editor.default\">\n\t\t\t\t<div class=\"elementor-widget-container\">\n\t\t\t\t\t\t\t\t\t<ul><li data-start=\"524\" data-end=\"560\">Optimized photos and description<\/li><li data-start=\"564\" data-end=\"617\">Wide visibility among potential tenants<\/li><li data-start=\"621\" data-end=\"671\">Complete management of reservations and payments<\/li><\/ul>\t\t\t\t\t\t\t\t<\/div>\n\t\t\t\t<\/div>\n\t\t\t\t\t<\/div>\n\t\t<\/div>\n\t\t\t\t\t<\/div>\n\t\t<\/section>\n\t\t\t\t<div class=\"elementor-element elementor-element-36d3383 elementor-widget elementor-widget-homey_elementor_space\" data-id=\"36d3383\" data-element_type=\"widget\" data-e-type=\"widget\" data-widget_type=\"homey_elementor_space.default\">\n\t\t\t\t<div class=\"elementor-widget-container\">\n\t\t\t\t\t<div style=\"clear:both; width:100%; height:10px\"><\/div>\t\t\t\t<\/div>\n\t\t\t\t<\/div>\n\t\t\t\t<div class=\"elementor-element elementor-element-27b9693 elementor-widget elementor-widget-homey_elementor_space\" data-id=\"27b9693\" data-element_type=\"widget\" data-e-type=\"widget\" data-widget_type=\"homey_elementor_space.default\">\n\t\t\t\t<div class=\"elementor-widget-container\">\n\t\t\t\t\t<div style=\"clear:both; width:100%; height:50px\"><\/div>\t\t\t\t<\/div>\n\t\t\t\t<\/div>\n\t\t\t\t<div class=\"elementor-element elementor-element-f71aebc elementor-widget elementor-widget-heading\" data-id=\"f71aebc\" data-element_type=\"widget\" data-e-type=\"widget\" data-widget_type=\"heading.default\">\n\t\t\t\t<div class=\"elementor-widget-container\">\n\t\t\t\t\t<h2 class=\"elementor-heading-title elementor-size-default\">FOR ALL YOUR PROPERTIES, THE FIRST 2 MONTHS WILL BE MANAGED FREE OF CHARGE BY SAMA HOUSE !<\/h2>\t\t\t\t<\/div>\n\t\t\t\t<\/div>\n\t\t\t\t<div class=\"elementor-element elementor-element-76ba514 elementor-widget elementor-widget-homey_elementor_space\" data-id=\"76ba514\" data-element_type=\"widget\" data-e-type=\"widget\" data-widget_type=\"homey_elementor_space.default\">\n\t\t\t\t<div class=\"elementor-widget-container\">\n\t\t\t\t\t<div style=\"clear:both; width:100%; height:80px\"><\/div>\t\t\t\t<\/div>\n\t\t\t\t<\/div>\n\t\t\t\t\t<\/div>\n\t\t<\/div>\n\t\t\t\t\t<\/div>\n\t\t<\/section>\n\t\t\t\t<section class=\"elementor-section elementor-top-section elementor-element elementor-element-e6db0ca elementor-section-boxed elementor-section-height-default elementor-section-height-default\" data-id=\"e6db0ca\" data-element_type=\"section\" data-e-type=\"section\">\n\t\t\t\t\t\t<div class=\"elementor-container elementor-column-gap-default\">\n\t\t\t\t\t<div class=\"elementor-column elementor-col-100 elementor-top-column elementor-element elementor-element-98b4e77\" data-id=\"98b4e77\" data-element_type=\"column\" data-e-type=\"column\">\n\t\t\t<div class=\"elementor-widget-wrap elementor-element-populated\">\n\t\t\t\t\t\t<div class=\"elementor-element elementor-element-d666855 elementor-widget elementor-widget-homey_elementor_space\" data-id=\"d666855\" data-element_type=\"widget\" data-e-type=\"widget\" data-widget_type=\"homey_elementor_space.default\">\n\t\t\t\t<div class=\"elementor-widget-container\">\n\t\t\t\t\t<div style=\"clear:both; width:100%; height:80px\"><\/div>\t\t\t\t<\/div>\n\t\t\t\t<\/div>\n\t\t\t\t<div class=\"elementor-element elementor-element-66774a5 elementor-widget elementor-widget-homey_elementor_section_title\" data-id=\"66774a5\" data-element_type=\"widget\" data-e-type=\"widget\" data-widget_type=\"homey_elementor_section_title.default\">\n\t\t\t\t<div class=\"elementor-widget-container\">\n\t\t\t\t\t            <div class=\"homey_section_title_wrap_elementor homey-module module-title section-title-module\">\n                                    <h2 class=\"homey_section_title\">Keep control<\/h2>\n                \n                            <\/div>\n            \t\t\t\t<\/div>\n\t\t\t\t<\/div>\n\t\t\t\t<section class=\"elementor-section elementor-inner-section elementor-element elementor-element-c43164e elementor-section-boxed elementor-section-height-default elementor-section-height-default\" data-id=\"c43164e\" data-element_type=\"section\" data-e-type=\"section\">\n\t\t\t\t\t\t<div class=\"elementor-container elementor-column-gap-default\">\n\t\t\t\t\t<div class=\"elementor-column elementor-col-50 elementor-inner-column elementor-element elementor-element-347c852\" data-id=\"347c852\" data-element_type=\"column\" data-e-type=\"column\">\n\t\t\t<div class=\"elementor-widget-wrap elementor-element-populated\">\n\t\t\t\t\t\t<div class=\"elementor-element elementor-element-1600fbc elementor-widget elementor-widget-text-editor\" data-id=\"1600fbc\" data-element_type=\"widget\" data-e-type=\"widget\" data-widget_type=\"text-editor.default\">\n\t\t\t\t<div class=\"elementor-widget-container\">\n\t\t\t\t\t\t\t\t\t<p><img decoding=\"async\" class=\"wp-image-2528 size-full alignnone\" src=\"https:\/\/demo10.gethomey.io\/wp-content\/uploads\/2019\/04\/icon-16.png\" alt=\"\" width=\"60\" height=\"60\" \/><\/p><h2>Booking system<\/h2><p>Our secure booking system allows tenants to book directly online. You receive realtime notifications <strong>notifications instantan\u00e9es<\/strong> for each new booking and can track all transactions in real time. Built-in calendars help you organize and optimize your rental periods.<\/p>\t\t\t\t\t\t\t\t<\/div>\n\t\t\t\t<\/div>\n\t\t\t\t\t<\/div>\n\t\t<\/div>\n\t\t\t\t<div class=\"elementor-column elementor-col-50 elementor-inner-column elementor-element elementor-element-4a1d9ed\" data-id=\"4a1d9ed\" data-element_type=\"column\" data-e-type=\"column\">\n\t\t\t<div class=\"elementor-widget-wrap elementor-element-populated\">\n\t\t\t\t\t\t<div class=\"elementor-element elementor-element-aa27abe elementor-widget elementor-widget-text-editor\" data-id=\"aa27abe\" data-element_type=\"widget\" data-e-type=\"widget\" data-widget_type=\"text-editor.default\">\n\t\t\t\t<div class=\"elementor-widget-container\">\n\t\t\t\t\t\t\t\t\t<p><img decoding=\"async\" class=\"wp-image-2529 size-full alignnone\" src=\"https:\/\/demo10.gethomey.io\/wp-content\/uploads\/2019\/04\/icon-07.png\" alt=\"\" width=\"60\" height=\"60\" \/><\/p><h2>Prices and rates<\/h2><p>Set your prices based on your expectations and the market. You can define flexible rates <strong>tarifs flexibles<\/strong>, adjust prices based on seasons or rental durations, and apply promotional discounts. Detailed tracking of your income helps you maximize the profitability of your properties.<\/p>\t\t\t\t\t\t\t\t<\/div>\n\t\t\t\t<\/div>\n\t\t\t\t\t<\/div>\n\t\t<\/div>\n\t\t\t\t\t<\/div>\n\t\t<\/section>\n\t\t\t\t<div class=\"elementor-element elementor-element-4b10a35 elementor-widget elementor-widget-homey_elementor_space\" data-id=\"4b10a35\" data-element_type=\"widget\" data-e-type=\"widget\" data-widget_type=\"homey_elementor_space.default\">\n\t\t\t\t<div class=\"elementor-widget-container\">\n\t\t\t\t\t<div style=\"clear:both; width:100%; height:80px\"><\/div>\t\t\t\t<\/div>\n\t\t\t\t<\/div>\n\t\t\t\t\t<\/div>\n\t\t<\/div>\n\t\t\t\t\t<\/div>\n\t\t<\/section>\n\t\t\t\t<\/div>","protected":false},"excerpt":{"rendered":"<p>Devenir un Bailleur Rejoignez-nous et transformez vos biens en sources de revenus fiables. Pourquoi choisir Sama House Choisir Sama House, c\u2019est opter pour une expertise immobili\u00e8re fiable, un accompagnement personnalis\u00e9 et des solutions adapt\u00e9es pour vendre, louer ou g\u00e9rer vos biens en toute s\u00e9r\u00e9nit\u00e9. Votre satisfaction est notre priorit\u00e9. La r\u00e9servation facilit\u00e9e R\u00e9server devient facile [&hellip;]<\/p>","protected":false},"author":1,"featured_media":0,"parent":0,"menu_order":0,"comment_status":"closed","ping_status":"closed","template":"elementor_header_footer","meta":{"content-type":"","om_disable_all_campaigns":false,"_monsterinsights_skip_tracking":false,"_monsterinsights_sitenote_active":false,"_monsterinsights_sitenote_note":"","_monsterinsights_sitenote_category":0,"footnotes":""},"class_list":["post-1530","page","type-page","status-publish","hentry"],"aioseo_notices":[],"_links":{"self":[{"href":"https:\/\/samahouse.net\/en\/wp-json\/wp\/v2\/pages\/1530","targetHints":{"allow":["GET"]}}],"collection":[{"href":"https:\/\/samahouse.net\/en\/wp-json\/wp\/v2\/pages"}],"about":[{"href":"https:\/\/samahouse.net\/en\/wp-json\/wp\/v2\/types\/page"}],"author":[{"embeddable":true,"href":"https:\/\/samahouse.net\/en\/wp-json\/wp\/v2\/users\/1"}],"replies":[{"embeddable":true,"href":"https:\/\/samahouse.net\/en\/wp-json\/wp\/v2\/comments?post=1530"}],"version-history":[{"count":10,"href":"https:\/\/samahouse.net\/en\/wp-json\/wp\/v2\/pages\/1530\/revisions"}],"predecessor-version":[{"id":5098,"href":"https:\/\/samahouse.net\/en\/wp-json\/wp\/v2\/pages\/1530\/revisions\/5098"}],"wp:attachment":[{"href":"https:\/\/samahouse.net\/en\/wp-json\/wp\/v2\/media?parent=1530"}],"curies":[{"name":"wp","href":"https:\/\/api.w.org\/{rel}","templated":true}]}}